{"id":495,"date":"2013-03-26T15:18:59","date_gmt":"2013-03-26T15:18:59","guid":{"rendered":"http:\/\/www.vonsydow.se\/inloggad1\/?page_id=495"},"modified":"2013-03-26T15:18:59","modified_gmt":"2013-03-26T15:18:59","slug":"sydowiana","status":"publish","type":"page","link":"https:\/\/vonsydow.se\/inloggad\/sydowiana\/","title":{"rendered":"Publikationer"},"content":{"rendered":"<p>Nedan finns ett antal nummer av Sydowiana. F\u00f6r muspekaren \u00f6ver bilderna s\u00e5 visas vilket nummer bilden l\u00e4nkar till.<\/p>\n<div class=\"_df_thumb \" id=\"df_1021\"  title=\"nummer-1-1995\" _slug=\"nummer-1-1995\" wpoptions=\"true\" thumb=\"https:\/\/vonsydow.se\/inloggad\/wp-content\/uploads\/sites\/2\/2016\/08\/Thumb_1995.png\" thumbtype=\"bg\" >Nummer 1 &#8211; 1995<\/div><script data-cfasync=\"false\">var option_df_1021 = {\"webgl\":\"true\",\"outline\":[],\"backgroundColor\":\"#47ad74\",\"height\":\"500\",\"duration\":\"800\",\"hard\":\"cover\",\"forceFit\":\"true\",\"autoEnableOutline\":\"false\",\"autoEnableThumbnail\":\"false\",\"overwritePDFOutline\":\"false\",\"enableDownload\":\"true\",\"direction\":\"1\",\"pageSize\":\"0\",\"pageMode\":\"0\",\"soundEnable\":\"true\",\"maxTextureSize\":\"1600\",\"source\":\"https:\\\/\\\/vonsydow.se\\\/inloggad\\\/wp-content\\\/uploads\\\/sites\\\/2\\\/2015\\\/12\\\/NR1_1995.pdf\",\"wpOptions\":\"true\"}; if(window.DFLIP && DFLIP.parseBooks){DFLIP.parseBooks();}<\/script>\n<div class=\"_df_thumb \" id=\"df_1042\"  title=\"nummer-2-1995\" _slug=\"nummer-2-1995\" wpoptions=\"true\" thumb=\"https:\/\/vonsydow.se\/inloggad\/wp-content\/uploads\/sites\/2\/2016\/08\/NR2_1995.png\" thumbtype=\"bg\" >Nummer 2 &#8211; 1995<\/div><script data-cfasync=\"false\">var option_df_1042 = {\"webgl\":\"true\",\"outline\":[],\"backgroundColor\":\"#fff\",\"height\":\"500\",\"duration\":\"800\",\"hard\":\"cover\",\"forceFit\":\"true\",\"autoEnableOutline\":\"false\",\"autoEnableThumbnail\":\"false\",\"overwritePDFOutline\":\"false\",\"enableDownload\":\"true\",\"direction\":\"1\",\"pageSize\":\"0\",\"pageMode\":\"0\",\"soundEnable\":\"true\",\"maxTextureSize\":\"1600\",\"source\":\"https:\\\/\\\/vonsydow.se\\\/inloggad\\\/wp-content\\\/uploads\\\/sites\\\/2\\\/2015\\\/12\\\/NR2_1995.pdf\",\"wpOptions\":\"true\"}; if(window.DFLIP && DFLIP.parseBooks){DFLIP.parseBooks();}<\/script>\n<div class=\"_df_thumb \" id=\"df_1045\"  title=\"nummer-3-1997\" _slug=\"nummer-3-1997\" wpoptions=\"true\" thumb=\"https:\/\/vonsydow.se\/inloggad\/wp-content\/uploads\/sites\/2\/2016\/08\/NR3_1997.png\" thumbtype=\"bg\" >Nummer 3 &#8211; 1997<\/div><script data-cfasync=\"false\">var option_df_1045 = {\"webgl\":\"true\",\"outline\":[],\"backgroundColor\":\"#fff\",\"height\":\"500\",\"duration\":\"800\",\"hard\":\"cover\",\"forceFit\":\"true\",\"autoEnableOutline\":\"false\",\"autoEnableThumbnail\":\"false\",\"overwritePDFOutline\":\"false\",\"enableDownload\":\"true\",\"direction\":\"1\",\"pageSize\":\"0\",\"pageMode\":\"0\",\"soundEnable\":\"true\",\"maxTextureSize\":\"1600\",\"source\":\"https:\\\/\\\/vonsydow.se\\\/inloggad\\\/wp-content\\\/uploads\\\/sites\\\/2\\\/2015\\\/12\\\/NR3_1997.pdf\",\"wpOptions\":\"true\"}; if(window.DFLIP && DFLIP.parseBooks){DFLIP.parseBooks();}<\/script>\n<div class=\"_df_thumb \" id=\"df_1057\"  title=\"nummer-4-1998\" _slug=\"1057\" wpoptions=\"true\" thumb=\"https:\/\/vonsydow.se\/inloggad\/wp-content\/uploads\/sites\/2\/2016\/09\/N4_thumb.png\" thumbtype=\"bg\" >Nummer 4 &#8211; 1998<\/div><script data-cfasync=\"false\">var option_df_1057 = {\"webgl\":\"true\",\"outline\":[],\"backgroundColor\":\"#fff\",\"height\":\"500\",\"duration\":\"800\",\"hard\":\"cover\",\"forceFit\":\"true\",\"autoEnableOutline\":\"false\",\"autoEnableThumbnail\":\"false\",\"overwritePDFOutline\":\"false\",\"enableDownload\":\"true\",\"direction\":\"1\",\"pageSize\":\"0\",\"pageMode\":\"0\",\"soundEnable\":\"true\",\"maxTextureSize\":\"1600\",\"source\":\"https:\\\/\\\/vonsydow.se\\\/inloggad\\\/wp-content\\\/uploads\\\/sites\\\/2\\\/2015\\\/12\\\/NR4_1998.pdf\",\"wpOptions\":\"true\"}; if(window.DFLIP && DFLIP.parseBooks){DFLIP.parseBooks();}<\/script>\n<div class=\"_df_thumb \" id=\"df_1616\"  title=\"nummer-5-1999\" _slug=\"sydowiana-juli-1999\" wpoptions=\"true\" thumb=\"https:\/\/vonsydow.se\/inloggad\/wp-content\/uploads\/sites\/2\/2019\/11\/SCN_0002.png\" thumbtype=\"bg\" >Nummer 5 &#8211; 1999<\/div><script data-cfasync=\"false\">var option_df_1616 = {\"outline\":[],\"forceFit\":\"true\",\"autoEnableOutline\":\"false\",\"autoEnableThumbnail\":\"false\",\"overwritePDFOutline\":\"false\",\"direction\":\"1\",\"pageSize\":\"0\",\"pageMode\":\"0\",\"source\":\"https:\\\/\\\/vonsydow.se\\\/inloggad\\\/wp-content\\\/uploads\\\/sites\\\/2\\\/2019\\\/10\\\/SCN_0002.pdf\",\"wpOptions\":\"true\"}; if(window.DFLIP && DFLIP.parseBooks){DFLIP.parseBooks();}<\/script>\n<div class=\"_df_thumb \" id=\"df_1073\"  title=\"stockholm-2001\" _slug=\"stockholm-2001\" wpoptions=\"true\" thumb=\"https:\/\/vonsydow.se\/inloggad\/wp-content\/uploads\/sites\/2\/2016\/09\/sepcial_thumb.png\" thumbtype=\"bg\" >Stockholm 2001<\/div><script data-cfasync=\"false\">var option_df_1073 = {\"webgl\":\"true\",\"outline\":[],\"backgroundColor\":\"#fff\",\"height\":\"500\",\"duration\":\"800\",\"hard\":\"cover\",\"forceFit\":\"true\",\"autoEnableOutline\":\"false\",\"autoEnableThumbnail\":\"false\",\"overwritePDFOutline\":\"false\",\"enableDownload\":\"true\",\"direction\":\"1\",\"pageSize\":\"0\",\"pageMode\":\"0\",\"soundEnable\":\"true\",\"maxTextureSize\":\"1600\",\"source\":\"https:\\\/\\\/vonsydow.se\\\/inloggad\\\/wp-content\\\/uploads\\\/sites\\\/2\\\/2015\\\/12\\\/Special.pdf\",\"wpOptions\":\"true\"}; if(window.DFLIP && DFLIP.parseBooks){DFLIP.parseBooks();}<\/script>\n<div class=\"_df_thumb \" id=\"df_1068\"  title=\"nummer-7-2002\" _slug=\"nr-2002\" wpoptions=\"true\" thumb=\"https:\/\/vonsydow.se\/inloggad\/wp-content\/uploads\/sites\/2\/2014\/01\/Sydowiana-2002-bild.jpg\" thumbtype=\"bg\" >Nummer 7 &#8211; 2002<\/div><script data-cfasync=\"false\">var option_df_1068 = {\"webgl\":\"true\",\"outline\":[],\"backgroundColor\":\"#fff\",\"height\":\"500\",\"duration\":\"800\",\"hard\":\"cover\",\"forceFit\":\"true\",\"autoEnableOutline\":\"false\",\"autoEnableThumbnail\":\"false\",\"overwritePDFOutline\":\"false\",\"enableDownload\":\"true\",\"direction\":\"1\",\"pageSize\":\"0\",\"pageMode\":\"0\",\"soundEnable\":\"true\",\"maxTextureSize\":\"1600\",\"source\":\"https:\\\/\\\/vonsydow.se\\\/inloggad\\\/wp-content\\\/uploads\\\/sites\\\/2\\\/2015\\\/12\\\/NR_2002.pdf\",\"wpOptions\":\"true\"}; if(window.DFLIP && DFLIP.parseBooks){DFLIP.parseBooks();}<\/script>\n<div class=\"_df_thumb \" id=\"df_1069\"  title=\"nummer-8-2003\" _slug=\"nummer-8-2003\" wpoptions=\"true\" thumb=\"https:\/\/vonsydow.se\/inloggad\/wp-content\/uploads\/sites\/2\/2016\/09\/NR8_thumb.png\" thumbtype=\"bg\" >Nummer 8 &#8211; 2003<\/div><script data-cfasync=\"false\">var option_df_1069 = {\"webgl\":\"true\",\"outline\":[],\"backgroundColor\":\"#fff\",\"height\":\"500\",\"duration\":\"800\",\"hard\":\"cover\",\"forceFit\":\"true\",\"autoEnableOutline\":\"false\",\"autoEnableThumbnail\":\"false\",\"overwritePDFOutline\":\"false\",\"enableDownload\":\"true\",\"direction\":\"1\",\"pageSize\":\"0\",\"pageMode\":\"0\",\"soundEnable\":\"true\",\"maxTextureSize\":\"1600\",\"source\":\"https:\\\/\\\/vonsydow.se\\\/inloggad\\\/wp-content\\\/uploads\\\/sites\\\/2\\\/2015\\\/12\\\/NR8_2003.pdf\",\"wpOptions\":\"true\"}; if(window.DFLIP && DFLIP.parseBooks){DFLIP.parseBooks();}<\/script>\n<div class=\"_df_thumb \" id=\"df_1070\"  title=\"halmstad-2004\" _slug=\"halmstad-2004\" wpoptions=\"true\" thumb=\"https:\/\/vonsydow.se\/inloggad\/wp-content\/uploads\/sites\/2\/2016\/09\/Special_2004_thumb.png\" thumbtype=\"bg\" >Halmstad 2004<\/div><script data-cfasync=\"false\">var option_df_1070 = {\"webgl\":\"true\",\"outline\":[],\"backgroundColor\":\"#fff\",\"height\":\"500\",\"duration\":\"800\",\"hard\":\"cover\",\"forceFit\":\"true\",\"autoEnableOutline\":\"false\",\"autoEnableThumbnail\":\"false\",\"overwritePDFOutline\":\"false\",\"enableDownload\":\"true\",\"direction\":\"1\",\"pageSize\":\"0\",\"pageMode\":\"0\",\"soundEnable\":\"true\",\"maxTextureSize\":\"1600\",\"source\":\"https:\\\/\\\/vonsydow.se\\\/inloggad\\\/wp-content\\\/uploads\\\/sites\\\/2\\\/2015\\\/12\\\/Halmstad-2004.pdf\",\"wpOptions\":\"true\"}; if(window.DFLIP && DFLIP.parseBooks){DFLIP.parseBooks();}<\/script>\n<div class=\"_df_thumb \" id=\"df_1071\"  title=\"nummer-10-2006\" _slug=\"nummer-10-2006\" wpoptions=\"true\" thumb=\"https:\/\/vonsydow.se\/inloggad\/wp-content\/uploads\/sites\/2\/2016\/09\/NR10_thumb.png\" thumbtype=\"bg\" >Nummer 10 &#8211; 2006<\/div><script data-cfasync=\"false\">var option_df_1071 = {\"webgl\":\"true\",\"outline\":[],\"backgroundColor\":\"#fff\",\"height\":\"500\",\"duration\":\"800\",\"hard\":\"cover\",\"forceFit\":\"true\",\"autoEnableOutline\":\"false\",\"autoEnableThumbnail\":\"false\",\"overwritePDFOutline\":\"false\",\"enableDownload\":\"true\",\"direction\":\"1\",\"pageSize\":\"0\",\"pageMode\":\"0\",\"soundEnable\":\"true\",\"maxTextureSize\":\"1600\",\"source\":\"https:\\\/\\\/vonsydow.se\\\/inloggad\\\/wp-content\\\/uploads\\\/sites\\\/2\\\/2015\\\/12\\\/NR10_2006.pdf\",\"wpOptions\":\"true\"}; if(window.DFLIP && DFLIP.parseBooks){DFLIP.parseBooks();}<\/script>\n<div class=\"_df_thumb \" id=\"df_1072\"  title=\"nummer-11-2008\" _slug=\"nummer-11-2008\" wpoptions=\"true\" thumb=\"https:\/\/vonsydow.se\/inloggad\/wp-content\/uploads\/sites\/2\/2016\/09\/NR11_thumb.png\" thumbtype=\"bg\" >Nummer 11 &#8211; 2008<\/div><script data-cfasync=\"false\">var option_df_1072 = {\"webgl\":\"true\",\"outline\":[],\"backgroundColor\":\"#fff\",\"height\":\"500\",\"duration\":\"800\",\"hard\":\"cover\",\"forceFit\":\"true\",\"autoEnableOutline\":\"false\",\"autoEnableThumbnail\":\"false\",\"overwritePDFOutline\":\"false\",\"enableDownload\":\"true\",\"direction\":\"1\",\"pageSize\":\"0\",\"pageMode\":\"0\",\"soundEnable\":\"true\",\"maxTextureSize\":\"1600\",\"source\":\"https:\\\/\\\/vonsydow.se\\\/inloggad\\\/wp-content\\\/uploads\\\/sites\\\/2\\\/2015\\\/12\\\/NR11_2008.pdf\",\"wpOptions\":\"true\"}; if(window.DFLIP && DFLIP.parseBooks){DFLIP.parseBooks();}<\/script>\n<div class=\"_df_thumb \" id=\"df_1074\"  title=\"nummer-12-2010\" _slug=\"nummer-12-2010\" wpoptions=\"true\" thumb=\"https:\/\/vonsydow.se\/inloggad\/wp-content\/uploads\/sites\/2\/2014\/01\/Sydowiana-12-2010-bild.jpg\" thumbtype=\"bg\" >Nummer 12 &#8211; 2010<\/div><script data-cfasync=\"false\">var option_df_1074 = {\"webgl\":\"true\",\"outline\":[],\"backgroundColor\":\"#fff\",\"height\":\"500\",\"duration\":\"800\",\"hard\":\"cover\",\"forceFit\":\"true\",\"autoEnableOutline\":\"false\",\"autoEnableThumbnail\":\"false\",\"overwritePDFOutline\":\"false\",\"enableDownload\":\"true\",\"direction\":\"1\",\"pageSize\":\"0\",\"pageMode\":\"0\",\"soundEnable\":\"true\",\"maxTextureSize\":\"1600\",\"source\":\"https:\\\/\\\/vonsydow.se\\\/inloggad\\\/wp-content\\\/uploads\\\/sites\\\/2\\\/2014\\\/01\\\/sydowiana_100325.pdf\",\"wpOptions\":\"true\"}; if(window.DFLIP && DFLIP.parseBooks){DFLIP.parseBooks();}<\/script>\n<div class=\"_df_thumb \" id=\"df_1470\"  title=\"slaktmotesinbjudan-2019\" _slug=\"1470\" wpoptions=\"true\" thumb=\"https:\/\/vonsydow.se\/inloggad\/wp-content\/uploads\/sites\/2\/2019\/02\/Sydowiana_190117.png\" thumbtype=\"bg\" >Sl\u00e4ktm\u00f6tesinbjudan 2019<\/div><script data-cfasync=\"false\">var option_df_1470 = {\"outline\":[],\"forceFit\":\"true\",\"autoEnableOutline\":\"false\",\"autoEnableThumbnail\":\"false\",\"overwritePDFOutline\":\"false\",\"direction\":\"1\",\"pageSize\":\"0\",\"pageMode\":\"0\",\"source\":\"https:\\\/\\\/vonsydow.se\\\/inloggad\\\/wp-content\\\/uploads\\\/sites\\\/2\\\/2019\\\/02\\\/Sydowiana_190117_v4_print-enkelsidor.pdf\",\"wpOptions\":\"true\"}; if(window.DFLIP && DFLIP.parseBooks){DFLIP.parseBooks();}<\/script>\n<div class=\"_df_thumb \" id=\"df_1309\"  title=\"slakten-von-sydow\" _slug=\"1309\" wpoptions=\"true\" thumb=\"https:\/\/vonsydow.se\/inloggad\/wp-content\/uploads\/sites\/2\/2017\/09\/von-Sydow-bok-kopia.jpg\" thumbtype=\"bg\" >Sl\u00e4kten von Sydow<\/div><script data-cfasync=\"false\">var option_df_1309 = {\"outline\":[],\"forceFit\":\"true\",\"autoEnableOutline\":\"false\",\"autoEnableThumbnail\":\"false\",\"overwritePDFOutline\":\"false\",\"direction\":\"1\",\"pageSize\":\"0\",\"pageMode\":\"0\",\"source\":\"https:\\\/\\\/vonsydow.se\\\/inloggad\\\/wp-content\\\/uploads\\\/sites\\\/2\\\/2015\\\/12\\\/von-Sydow-bok-.pdf\",\"wpOptions\":\"true\"}; if(window.DFLIP && DFLIP.parseBooks){DFLIP.parseBooks();}<\/script>\n<div class=\"_df_thumb \" id=\"df_1321\"  title=\"slakten-von-sydow-i-sverige\" _slug=\"1321\" wpoptions=\"true\" thumb=\"https:\/\/vonsydow.se\/inloggad\/wp-content\/uploads\/sites\/2\/2017\/09\/Pages-from-slaken-von-Sydow-i-Sverige.jpg\" thumbtype=\"bg\" >sl\u00e4kten von Sydow i Sverige<\/div><script data-cfasync=\"false\">var option_df_1321 = {\"outline\":[],\"forceFit\":\"true\",\"autoEnableOutline\":\"false\",\"autoEnableThumbnail\":\"false\",\"overwritePDFOutline\":\"false\",\"direction\":\"1\",\"pageSize\":\"0\",\"pageMode\":\"0\",\"source\":\"https:\\\/\\\/vonsydow.se\\\/inloggad\\\/wp-content\\\/uploads\\\/sites\\\/2\\\/2017\\\/09\\\/slaken-von-Sydow-i-Sverige.pdf\",\"wpOptions\":\"true\"}; if(window.DFLIP && DFLIP.parseBooks){DFLIP.parseBooks();}<\/script>\n<div class=\"_df_thumb \" id=\"df_1615\"  title=\"slaktmotesdagarna-2007\" _slug=\"1615\" wpoptions=\"true\" thumb=\"https:\/\/vonsydow.se\/inloggad\/wp-content\/uploads\/sites\/2\/2019\/11\/SCN_0001.png\" thumbtype=\"bg\" >Sl\u00e4ktm\u00f6tesdagarna 2007<\/div><script data-cfasync=\"false\">var option_df_1615 = {\"outline\":[],\"forceFit\":\"true\",\"autoEnableOutline\":\"false\",\"autoEnableThumbnail\":\"false\",\"overwritePDFOutline\":\"false\",\"direction\":\"1\",\"pageSize\":\"0\",\"pageMode\":\"0\",\"source\":\"https:\\\/\\\/vonsydow.se\\\/inloggad\\\/wp-content\\\/uploads\\\/sites\\\/2\\\/2019\\\/10\\\/SCN_0001.pdf\",\"wpOptions\":\"true\"}; if(window.DFLIP && DFLIP.parseBooks){DFLIP.parseBooks();}<\/script>\n","protected":false},"excerpt":{"rendered":"<p>Nedan finns ett antal nummer av Sydowiana. F\u00f6r muspekaren \u00f6ver bilderna s\u00e5 visas vilket nummer bilden l\u00e4nkar till.<\/p>\n","protected":false},"author":2,"featured_media":0,"parent":0,"menu_order":0,"comment_status":"closed","ping_status":"open","template":"","meta":{"footnotes":""},"class_list":["post-495","page","type-page","status-publish","hentry","description-off"],"_links":{"self":[{"href":"https:\/\/vonsydow.se\/inloggad\/wp-json\/wp\/v2\/pages\/495","targetHints":{"allow":["GET"]}}],"collection":[{"href":"https:\/\/vonsydow.se\/inloggad\/wp-json\/wp\/v2\/pages"}],"about":[{"href":"https:\/\/vonsydow.se\/inloggad\/wp-json\/wp\/v2\/types\/page"}],"author":[{"embeddable":true,"href":"https:\/\/vonsydow.se\/inloggad\/wp-json\/wp\/v2\/users\/2"}],"replies":[{"embeddable":true,"href":"https:\/\/vonsydow.se\/inloggad\/wp-json\/wp\/v2\/comments?post=495"}],"version-history":[{"count":0,"href":"https:\/\/vonsydow.se\/inloggad\/wp-json\/wp\/v2\/pages\/495\/revisions"}],"wp:attachment":[{"href":"https:\/\/vonsydow.se\/inloggad\/wp-json\/wp\/v2\/media?parent=495"}],"curies":[{"name":"wp","href":"https:\/\/api.w.org\/{rel}","templated":true}]}}